{"id":949,"date":"2021-09-13T12:11:47","date_gmt":"2021-09-13T10:11:47","guid":{"rendered":"https:\/\/deledire.fr\/?page_id=949"},"modified":"2023-05-30T12:00:59","modified_gmt":"2023-05-30T10:00:59","slug":"presidentielles_2022","status":"publish","type":"page","link":"https:\/\/deledire.fr\/index.php\/presidentielles_2022\/","title":{"rendered":"L\u00e9gislatives vs Pr\u00e9sidentielles"},"content":{"rendered":"\n<p>Rappel de la Constitution du 4 octobre 1958 en vigueur. <\/p>\n\n\n\n<p>Extraits :<\/p>\n\n\n\n<p><strong>1\/ Le Pr\u00e9sident de la R\u00e9publique<\/strong><br>Le Pr\u00e9sident de la R\u00e9publique veille au respect de la Constitution. Il assure, par son arbitrage, le fonctionnement r\u00e9gulier des pouvoirs publics ainsi que la continuit\u00e9 de l&rsquo;\u00c9tat. (Extrait Article 5)<br>Le Pr\u00e9sident de la R\u00e9publique nomme le Premier ministre. (Extrait Article 8)<br>Le Pr\u00e9sident de la R\u00e9publique peut, apr\u00e8s consultation du Premier ministre et des pr\u00e9sidents des assembl\u00e9es, prononcer la dissolution de l&rsquo;Assembl\u00e9e nationale. (Extrait Article 12)<br><strong>2\/ Le gouvernement<\/strong><br>Le Gouvernement d\u00e9termine et conduit la politique de la nation. (Extrait Article 20)<br><strong>3\/ Le Parlement<\/strong><br>Le Parlement vote la loi. Il contr\u00f4le l&rsquo;action du Gouvernement. Il \u00e9value les politiques publiques. (Extrait Article 24)<\/p>\n\n\n\n<p><strong>Il ressort de la Constitution que<\/strong><br>1\/ La loi est vot\u00e9 par le Parlement<br>2\/ La politique de la Nation est conduite par le Gouvernement. C&rsquo;est le Parlement qui autorise la ligne politique du Gouvernement par le vote des textes de loi (ou la censure du Gouvernement)<br>3\/ Le Pr\u00e9sident de la R\u00e9publique choisit un Premier Ministre, logiquement, en tenant compte de la repr\u00e9sentation politique issue des l\u00e9gislatives. En effet le Premier Ministre doit accorder son action politique aux programmes des partis politiques qui constitueront les votes majoritaires.  <\/p>\n\n\n\n<p><strong>Il ressort de cette logique que<\/strong> <br>1\/ Ce sont les parlementaires, issus des \u00e9lections l\u00e9gislatives qui, en dehors des r\u00e9f\u00e9rendums, valident une ligne politique. Un parlementaire est \u00e9lu en fonction du programme qu&rsquo;il a soutenu. Ce programme  est g\u00e9n\u00e9ralement \u00e9labor\u00e9 au sein d&rsquo;un parti politique.<br>2\/ Le candidat \u00e0 l&rsquo;\u00e9lection pr\u00e9sidentielle (m\u00eame pr\u00e9sent\u00e9 par un parti) ne doit pas proposer un programme politique, puisque par d\u00e9finition constitutionnelle, il n&rsquo;est pas en charge de gouverner la France. <br>Par contre, il convient \u00e9videmment qu&rsquo;au cours de la  campagne pr\u00e9sidentielle, il se pr\u00e9sente, donne ses convictions, ses id\u00e9es afin que les \u00e9lecteurs puisse choisir en toute connaissance de cause (ou en tout cas la meilleure connaissance possible) un candidat qui leur appara\u00eetra comme responsable et fiable dans le cadre de son r\u00f4le constitutionnel.<\/p>\n\n\n\n<p><strong>En conclusion<\/strong><br>L&rsquo;application de la Constitution rend in fine les parlementaires et leurs groupes politiques responsables de la ligne politique. Ce sont eux qu&rsquo;il convient d&rsquo;\u00e9lire en fonction du programme qu&rsquo;ils sont pr\u00eats \u00e0 soutenir par leur vote au Parlement.<br>Un candidat \u00e0 la Pr\u00e9sidentielle qui \u00ab\u00a0pr\u00e9sente\u00a0\u00bb un programme de gouvernement d\u00e9note une vision tronqu\u00e9e de la Constitution. Il peut bien \u00e9videmment se r\u00e9f\u00e9rer aux id\u00e9es et programme de son parti (s&rsquo;il en est membre) pour exprimer ses convictions devant les \u00e9lecteurs, mais sans indiquer qu&rsquo;il les mettra en \u0153uvre. Son seul r\u00f4le sera de choisir, en rapport avec les l\u00e9gislatives, un Premier Ministre qui, lui, essaiera d&rsquo;appliquer un programme dans la ligne de la majorit\u00e9 parlementaire.<\/p>\n\n\n\n<p>Evidemment pour les m\u00e9dias, qui font fi de toutes ces consid\u00e9rations, l&rsquo;important est que les \u00e9lections restent un show. Il est plus spectaculaire de faire affronter sur sc\u00e8ne, des hommes \u00e0 qui on pr\u00eate la puissance de tous les possibles (via une liste de propositions qu&rsquo;ils ne seront pas, en tant que Pr\u00e9sident, en charge de mettre en \u0153uvre), que sur des id\u00e9es issues de la r\u00e9flexion des partis.<br>Les \u00e9lections pr\u00e9sidentielles, plus m\u00e9diatiques que les l\u00e9gislatives, correspondent \u00e0 la seule \u00e9chelle de valeur impos\u00e9e par les m\u00e9dias : \u00e9motion plut\u00f4t que raison.  Valeur sans rapport avec leur r\u00e9elle importance puisque c&rsquo;est  le r\u00e9sultat des l\u00e9gislatives qui conduira la ligne politique et non celui des pr\u00e9sidentielles.<\/p>\n\n\n\n<p>Concernant les candidats eux-m\u00eames, en principe, ils connaissent la Constitution. Aussi, pourquoi accepter le jeu des m\u00e9dias ?<\/p>\n\n\n\n<p>La logique de gouvernance est :<\/p>\n\n\n\n<ul class=\"wp-block-list\">\n<li>avoir des id\u00e9es pour le bien du pays, le noyau naturel de l&rsquo;\u00e9mergence de ces propositions \u00e9tant le parti politique<\/li>\n\n\n\n<li>convaincre un maximum d&rsquo;\u00e9lecteurs au bien fond\u00e9e de ses id\u00e9es, dans le cadre de d\u00e9bats appais\u00e9s<\/li>\n\n\n\n<li>accepter le r\u00e9sultat des \u00e9lections et donc du d\u00e9partage des id\u00e9es par le peuple<\/li>\n\n\n\n<li>pour le gouvernement issu de ces \u00e9lections, mettre en \u0153uvre un programme compatible avec la repr\u00e9sentation parlementaire<\/li>\n\n\n\n<li>pour les oppositions, continuer de convaincre pour gagner les \u00e9lections suivantes<\/li>\n<\/ul>\n","protected":false},"excerpt":{"rendered":"<p>Rappel de la Constitution du 4 octobre 1958 en vigueur. Extraits : 1\/ Le Pr\u00e9sident de la R\u00e9publiqueLe Pr\u00e9sident de la R\u00e9publique veille au respect de la Constitution. Il assure, par son arbitrage, le fonctionnement r\u00e9gulier des pouvoirs publics ainsi que la continuit\u00e9 de l&rsquo;\u00c9tat. (Extrait Article 5)Le Pr\u00e9sident de la R\u00e9publique nomme le Premier &hellip; <\/p>\n<p class=\"link-more\"><a href=\"https:\/\/deledire.fr\/index.php\/presidentielles_2022\/\" class=\"more-link\">Continuer la lecture<span class=\"screen-reader-text\"> de &laquo;&nbsp;L\u00e9gislatives vs Pr\u00e9sidentielles&nbsp;&raquo;<\/span><\/a><\/p>\n","protected":false},"author":1,"featured_media":0,"parent":0,"menu_order":0,"comment_status":"closed","ping_status":"closed","template":"","meta":{"footnotes":""},"class_list":["post-949","page","type-page","status-publish","hentry"],"_links":{"self":[{"href":"https:\/\/deledire.fr\/index.php\/wp-json\/wp\/v2\/pages\/949","targetHints":{"allow":["GET"]}}],"collection":[{"href":"https:\/\/deledire.fr\/index.php\/wp-json\/wp\/v2\/pages"}],"about":[{"href":"https:\/\/deledire.fr\/index.php\/wp-json\/wp\/v2\/types\/page"}],"author":[{"embeddable":true,"href":"https:\/\/deledire.fr\/index.php\/wp-json\/wp\/v2\/users\/1"}],"replies":[{"embeddable":true,"href":"https:\/\/deledire.fr\/index.php\/wp-json\/wp\/v2\/comments?post=949"}],"version-history":[{"count":12,"href":"https:\/\/deledire.fr\/index.php\/wp-json\/wp\/v2\/pages\/949\/revisions"}],"predecessor-version":[{"id":1893,"href":"https:\/\/deledire.fr\/index.php\/wp-json\/wp\/v2\/pages\/949\/revisions\/1893"}],"wp:attachment":[{"href":"https:\/\/deledire.fr\/index.php\/wp-json\/wp\/v2\/media?parent=949"}],"curies":[{"name":"wp","href":"https:\/\/api.w.org\/{rel}","templated":true}]}}